{"id":1061,"date":"2020-07-22T14:11:11","date_gmt":"2020-07-22T14:11:11","guid":{"rendered":"https:\/\/www.academiainglespalma.es\/aviso-legal\/"},"modified":"2020-07-22T14:11:11","modified_gmt":"2020-07-22T14:11:11","slug":"aviso-legal","status":"publish","type":"page","link":"https:\/\/www.academiainglespalma.es\/en\/aviso-legal\/","title":{"rendered":"AVISO LEGAL"},"content":{"rendered":"[vc_row type=&#8221;in_container&#8221; full_screen_row_position=&#8221;middle&#8221; column_margin=&#8221;default&#8221; scene_position=&#8221;center&#8221; text_color=&#8221;dark&#8221; text_align=&#8221;left&#8221; top_padding=&#8221;3%&#8221; overlay_strength=&#8221;0.3&#8243; shape_divider_position=&#8221;bottom&#8221; bg_image_animation=&#8221;none&#8221; shape_type=&#8221;&#8221;][vc_column column_padding=&#8221;no-extra-padding&#8221; column_padding_position=&#8221;all&#8221; background_color_opacity=&#8221;1&#8243; background_hover_color_opacity=&#8221;1&#8243; column_link_target=&#8221;_self&#8221; column_shadow=&#8221;none&#8221; column_border_radius=&#8221;none&#8221; width=&#8221;1\/1&#8243; tablet_width_inherit=&#8221;default&#8221; tablet_text_alignment=&#8221;default&#8221; phone_text_alignment=&#8221;default&#8221; overlay_strength=&#8221;0.3&#8243; column_border_width=&#8221;none&#8221; column_border_style=&#8221;solid&#8221; bg_image_animation=&#8221;none&#8221;][vc_column_text]The Academy Palma es el nombre comercial para el departamento de cursos de idiomas de TAPLINGO SL. Su sede en Palma es c\/La Rambla n\u00ba8, 1\u00ba-1\u00aa, 07003, Palma de Mallorca, Espa\u00f1a. Su identificaci\u00f3n fiscal es CIF: B57933673.<\/p>\n<p><strong>Por favor, lee atentamente los t\u00e9rminos y condiciones del curso al que quieras inscribirte, antes de realizar tu matr\u00edcula, ya que constituyen el contrato que aceptas al inscribirte.<\/strong><\/p>\n<p><strong>FORMAS DE PAGO &#8211;\u00a0CURSOS INTENSIVOS Y CURSOS INTENSIVOS DE VERANO<\/strong><\/p>\n<p>El curso se abona en un pago \u00fanico hasta el d\u00eda del inicio del mismo. El pago se realizar\u00e1 en efectivo, tarjeta, o transferencia bancaria.<\/p>\n<p><strong>FORMAS DE PAGO &#8211;\u00a0CURSOS GRUPALES ANUALES<\/strong><\/p>\n<p>El pago del curso puede realizarse de forma mensual, trimestral o anual. Independientemente de la forma de pago escogida,\u00a0<strong>el curso debe abonarse la primera semana del mes \/ trimestre<\/strong>. El pago se realizar\u00e1 en efectivo, tarjeta, transferencia bancaria o domiciliaci\u00f3n.<\/p>\n<p><strong>FORMAS DE PAGO \u2013 CLASES INDIVIDUALES Y GRUPO MINI<\/strong><\/p>\n<p>Los bonos de clases individuales se pueden pagar en un pago \u00fanico antes del inicio de las clases o el primer d\u00eda de clase. Este pago podr\u00e1 realizarse en efectivo, tarjeta o transferencia.<\/p>\n<p>En todo caso, y a fin de que el centro organice las clases individuales solicitadas, el pago de la matr\u00edcula deber\u00e1 realizarse en el momento de solicitud de las clases.<\/p>\n<p><strong>TRANSFERENCIA BANCARIA<\/strong><\/p>\n<p>En el caso de elegir la transferencia bancaria como un m\u00e9todo de pago, todos los cargos bancarios que se aplicar\u00e1n por la misma, correr\u00e1n a cuenta del\/la alumno\/a.<\/p>\n<p>El procedimiento es el siguiente: Transferencia a TAPLINGO, SL CIF B57933673 BANCO SABADELL ES48 0081 0207 4300 0193 3803 + Indicar nombre del\/la alumno\/a + Enviar comprobante de transferencia a\u00a0<a href=\"mailto:info@theacademypalma.es\">info@theacademypalma.es<\/a><\/p>\n<p><strong>RESERVA DE PLAZAS &#8211;<\/strong>\u00a0<strong>CURSOS INTENSIVOS Y CURSOS INTENSIVOS DE VERANO<\/strong><\/p>\n<p>Tras realizar la prueba de nivel, se podr\u00e1 reservar la plaza mediante el pago de 50\u20ac. Este dep\u00f3sito ser\u00e1 descontado del total del curso. El resto del importe del curso deber\u00e1 ser abonado antes o el d\u00eda del comienzo del mismo mediante transferencia o mediante pago en efectivo o con tarjeta. En caso de no ser as\u00ed, SE PERDER\u00cdA EL DERECHO A PLAZA Y EL IMPORTE ABONADO EN CONCEPTO DE RESERVA.<\/p>\n<p><strong>RESERVA DE PLAZAS &#8211; CURSOS GRUPALES ANUALES<\/strong><\/p>\n<p>Tras realizar la prueba de nivel, se podr\u00e1 reservar la plaza mediante el pago de 25\u20ac en concepto de matr\u00edcula. Esta matr\u00edcula es obligatoria para todos los alumnos que realizan cursos en grupo anuales o cursos individuales o grupos mini. La matr\u00edcula se paga solamente el primer a\u00f1o. En caso de no abonar la primera mensualidad tras haber reservado la plaza,\u00a0<strong>se perder\u00eda el derecho a plaza y el importe abonado en concepto de matr\u00edcula.<\/strong><\/p>\n<p><strong>REEMBOLSOS<\/strong><\/p>\n<p>Si se efect\u00faa un pago y no se puede asistir a clase, el importe NO ES REEMBOLSABLE bajo ninguna circunstancia. Sin embargo, si el\/la alumno\/a no puede realizar el curso, el importe abonado por las clases podr\u00e1 utilizarse como cr\u00e9dito en clases grupales, siempre que se cuente con un comprobante de pago. Asimismo, desde el momento que se reserva la plaza con este cr\u00e9dito, si surgiera cualquier motivo por el cual el\/la alumno\/a no pudiera comenzar o continuar con las clases, no habr\u00e1 posibilidad de reutilizarlo en otra ocasi\u00f3n. El cr\u00e9dito tiene una validez de 12 meses.<\/p>\n<p>Los bonos de clases individuales o de mini grupo no tienen caducidad, por lo que si el\/la alumno\/a avisa de que no podr\u00e1 realizar estas clases, se podr\u00e1n posponer durante un tiempo indeterminado, o cambiar por clases grupales.<\/p>\n<p><strong>N\u00daMERO M\u00cdNIMO DE ALUMNOS POR GRUPO<\/strong><\/p>\n<p>El n\u00famero m\u00ednimo de alumnos por grupo es de 4. Si no se alcanzara este m\u00ednimo, nos reservamos el derecho a cancelar el grupo en cualquier momento con la correspondiente devoluci\u00f3n del importe abonado por el\/la alumno\/a.<\/p>\n<p><strong>N\u00daMERO M\u00c1XIMO DE ALUMNOS POR GRUPO<\/strong><\/p>\n<p>El n\u00famero m\u00e1ximo de alumnos por grupo es 8. No obstante, nos reservamos el derecho de aumentar este n\u00famero, en hasta dos personas, en el caso de circunstancias especiales.<\/p>\n<p><strong>BAJAS<\/strong><\/p>\n<p>Deber\u00e1n comunicarse por email a\u00a0<a href=\"mailto:info@theacademypalma.es\">info@theacademypalma.es<\/a>\u00a0y se regir\u00e1n por las condiciones indicadas en este documento.<\/p>\n<p><strong>CAMBIOS DE HORARIO\/GRUPO<\/strong><\/p>\n<p>\u00danicamente ser\u00e1n posibles bajo confirmaci\u00f3n de la direcci\u00f3n de estudios y siempre y cuando haya disponibilidad en el horario deseado. Asimismo y de acuerdo al punto sobre REEMBOLSOS, en caso de no poder cambiar de horario\/grupo, no habr\u00e1 posibilidad de reembolso pero s\u00ed de posponer el cr\u00e9dito del curso.<\/p>\n<p><strong>RECUPERACI\u00d3N DE CLASES<\/strong><\/p>\n<p>Estos cursos ofrecen la posibilidad de recuperar clases de manera espor\u00e1dica siempre que se avise a recepci\u00f3n con al menos 24 horas de antelaci\u00f3n para las clases individuales y las de mini grupo. Las clases grupales se debe avisar al principio de cada mes y las clases de intensivos deben avisar a la hora de inscribirse. La notificaci\u00f3n debe ser por escrito.<\/p>\n<p>Este es un servicio adicional que s\u00f3lo podemos ofrecer cuando existan otros grupos del mismo nivel en diferente horario que el que est\u00e1 inscrito el\/la alumno\/a, y si hay plazas disponibles en el mismo.<\/p>\n<p><strong>CANCELACI\u00d3N DE CLASES INDIVIDUALES Y MINI GRUPO<\/strong><\/p>\n<p>Las clases pueden ser anuladas con un m\u00ednimo de 24 horas de antelaci\u00f3n, de esta manera podr\u00e1n ser recuperadas. Para anular una clase esta deber\u00e1 hacerse en persona en el mismo centro, por tel\u00e9fono o por escrito a trav\u00e9s de email. El email de la academia es info@theacademypalma.es. En caso de que la cancelaci\u00f3n se realice por tel\u00e9fono, ser\u00e1 necesario contactar directamente con un miembro de The Academy Palma, no ser\u00e1 suficiente con dejar un mensaje en el contestador.<\/p>\n<p>En caso de no avisar 24 horas antes, la clase no se podr\u00e1 recuperar.<\/p>\n<p>Los grupos mini funcionan del mismo modo que una clase individual. Los dos alumnos que conforman un grupo mini deber\u00e1n estar de acuerdo en la frecuencia, duraci\u00f3n y horario de las clases. Los bonos de horas de grupo mini estipulados en la lista de precios de The Academy Palma son por persona.<\/p>\n<p>Al tratarse de grupos de dos personas,\u00a0<strong>si \u00fanicamente uno de los\/las alumnos\/as asiste a la clase, se contabilizar\u00e1 la asistencia de ambos\/as.<\/strong><\/p>\n<p><strong>DESCUENTOS DISPONIBLES<\/strong><\/p>\n<p>Los alumnos pueden beneficiarse de los siguientes descuentos, que en ning\u00fan caso ser\u00e1n acumulables. Estos descuentos no se aplican a las clases individuales ni de mini grupo.<\/p>\n<p><strong>Carn\u00e9 Universitario (UIB)<\/strong>: 10% de descuento.<\/p>\n<p><strong>Carn\u00e9 de Familia Numerosa<\/strong>: 10% de descuento.<\/p>\n<p><strong>Segundo Familiar inscrito<\/strong>: 10% de descuento.<\/p>\n<p><strong>Desempleo y ERTE:<\/strong>\u00a010% de descuento.<\/p>\n<p><strong>Segundo curso intensivo consecutivo (dentro de los 6 meses siguientes):<\/strong>\u00a010% de descuento.<\/p>\n<p>En el caso de pagar todo el a\u00f1o de golpe, no se aplica ning\u00fan descuento, ya que ya est\u00e1 aplicado en el precio. Tampoco se aplica a intensivos de 120 horas por el mismo motivo, ni a intensivos espec\u00edficos de preparaci\u00f3n de ex\u00e1menes.<\/p>\n<p><strong>OFERTAS Y PROMOCIONES<\/strong><\/p>\n<p>Las ofertas o descuentos que se ofrezcan en determinado per\u00edodo de tiempo establecido por TAPLINGO S.L. no son acumulables. No se realizar\u00e1n cambios de precios en las contrataciones que se produzcan antes de una promoci\u00f3n o que por la raz\u00f3n que fuere, no hubieran gozado de un descuento en el momento de la matr\u00edcula.<\/p>\n<p>Por otro lado, el descuento se debe solicitar en el momento de la matriculaci\u00f3n y en ning\u00fan caso se aplicar\u00e1 posteriormente.<\/p>\n<p><strong>SEGURO DE RESPONSABILIDAD CIVIL<\/strong><\/p>\n<p>TAPLINGO S.L. cuenta con un seguro de responsabilidad civil que cubra posibles accidentes dentro de sus instalaciones.<\/p>\n<p><strong>D\u00cdAS FESTIVOS<\/strong><\/p>\n<p>Los d\u00edas festivos de Palma de Mallorca, de Baleares, de Espa\u00f1a o cualquier otro, lo ser\u00e1n a todos los efectos. Por esta raz\u00f3n, si alg\u00fan d\u00eda de clase es festivo, no se recuperar\u00e1 ni econ\u00f3micamente ni en un momento posterior con otras clases. Sin embargo, las clases de los cursos intensivos s\u00ed se recuperar\u00e1n en este caso, bajo discreci\u00f3n de The Academy Palma, en un horario acordado entre el\/la profesor\/a y los alumnos.<\/p>\n<p><strong>Ley Org\u00e1nica de Protecci\u00f3n de Datos<\/strong><\/p>\n<p>De conformidad con lo dispuesto por la Ley Org\u00e1nica 15\/1999, de 13 de diciembre, de Protecci\u00f3n de Datos de car\u00e1cter personal (LOPD), consiento que mis datos sean importados a un fichero responsabilidad de The Academy Palma, y que sean tratados con la finalidad de mantener, desarrollar y controlar la relaci\u00f3n contractual.<\/p>\n<p>Asimismo declaro haber sido informado sobre la posibilidad de ejercer los derechos de acceso, rectificaci\u00f3n, cancelaci\u00f3n y oposici\u00f3n dirigi\u00e9ndome a The Academy Palma CB, en Rambla n\u00ba8, 1\u00ba-1\u00aa, 07003 Palma de Mallorca; o bien remitiendo un mensaje a la direcci\u00f3n de correo electr\u00f3nico\u00a0<a href=\"mailto:danny@theacademypalma.es\">danny@theacademypalma.es<\/a><\/p>\n<p>Autorizaci\u00f3n de la cesi\u00f3n de Derechos de Imagen<\/p>\n<p>El derecho de la propia imagen est\u00e1 reconocido en el art\u00edculo 18.1 de la Constituci\u00f3n Espa\u00f1ola y regulado por la Ley 5\/1982 de Mayo, sobre el derecho al honor, a la intimidad personal y familiar y a la propia imagen. Por la presente, da su consentimiento a TAPLINGO S.L. para tomar y publicar fotograf\u00edas y v\u00eddeos donde usted aparezca y en las que sea claramente identificable (o sus hijos en el caso de que los alumnos sean menores de edad). Dichas fotograf\u00edas, im\u00e1genes y v\u00eddeos podr\u00e1n aparecer en nuestra web, en nuestras redes sociales y en nuestras publicaciones escritas. En ning\u00fan caso las im\u00e1genes ser\u00e1n cedidas a terceros.[\/vc_column_text][\/vc_column][\/vc_row]\n","protected":false},"excerpt":{"rendered":"<p>[vc_row type=&#8221;in_container&#8221; full_screen_row_position=&#8221;middle&#8221; column_margin=&#8221;default&#8221; scene_position=&#8221;center&#8221; text_color=&#8221;dark&#8221; text_align=&#8221;left&#8221; top_padding=&#8221;3%&#8221; overlay_strength=&#8221;0.3&#8243; shape_divider_position=&#8221;bottom&#8221; bg_image_animation=&#8221;none&#8221; shape_type=&#8221;&#8221;][vc_column column_padding=&#8221;no-extra-padding&#8221; column_padding_position=&#8221;all&#8221; background_color_opacity=&#8221;1&#8243; background_hover_color_opacity=&#8221;1&#8243; column_link_target=&#8221;_self&#8221; column_shadow=&#8221;none&#8221; column_border_radius=&#8221;none&#8221; width=&#8221;1\/1&#8243; tablet_width_inherit=&#8221;default&#8221; tablet_text_alignment=&#8221;default&#8221; phone_text_alignment=&#8221;default&#8221; overlay_strength=&#8221;0.3&#8243; column_border_width=&#8221;none&#8221; column_border_style=&#8221;solid&#8221; bg_image_animation=&#8221;none&#8221;][vc_column_text]The Academy Palma es&#8230;<\/p>\n","protected":false},"author":1,"featured_media":0,"parent":0,"menu_order":0,"comment_status":"closed","ping_status":"closed","template":"","meta":{"footnotes":""},"class_list":["post-1061","page","type-page","status-publish"],"aioseo_notices":[],"_links":{"self":[{"href":"https:\/\/www.academiainglespalma.es\/en\/wp-json\/wp\/v2\/pages\/1061","targetHints":{"allow":["GET"]}}],"collection":[{"href":"https:\/\/www.academiainglespalma.es\/en\/wp-json\/wp\/v2\/pages"}],"about":[{"href":"https:\/\/www.academiainglespalma.es\/en\/wp-json\/wp\/v2\/types\/page"}],"author":[{"embeddable":true,"href":"https:\/\/www.academiainglespalma.es\/en\/wp-json\/wp\/v2\/users\/1"}],"replies":[{"embeddable":true,"href":"https:\/\/www.academiainglespalma.es\/en\/wp-json\/wp\/v2\/comments?post=1061"}],"version-history":[{"count":0,"href":"https:\/\/www.academiainglespalma.es\/en\/wp-json\/wp\/v2\/pages\/1061\/revisions"}],"wp:attachment":[{"href":"https:\/\/www.academiainglespalma.es\/en\/wp-json\/wp\/v2\/media?parent=1061"}],"curies":[{"name":"wp","href":"https:\/\/api.w.org\/{rel}","templated":true}]}}