{"id":1133,"date":"2020-03-25T10:13:09","date_gmt":"2020-03-25T10:13:09","guid":{"rendered":"https:\/\/www.academiainglespalma.es\/business-english-2\/"},"modified":"2020-09-29T15:43:29","modified_gmt":"2020-09-29T15:43:29","slug":"business-english-2","status":"publish","type":"page","link":"https:\/\/www.academiainglespalma.es\/en\/business-english-2\/","title":{"rendered":"BUSINESS ENGLISH"},"content":{"rendered":"[vc_row type=&#8221;in_container&#8221; full_screen_row_position=&#8221;middle&#8221; column_margin=&#8221;default&#8221; scene_position=&#8221;center&#8221; text_color=&#8221;dark&#8221; text_align=&#8221;left&#8221; top_padding=&#8221;3%&#8221; overlay_strength=&#8221;0.3&#8243; shape_divider_position=&#8221;bottom&#8221; bg_image_animation=&#8221;none&#8221; shape_type=&#8221;&#8221;][vc_column column_padding=&#8221;padding-3-percent&#8221; column_padding_position=&#8221;all&#8221; background_color_opacity=&#8221;1&#8243; background_hover_color_opacity=&#8221;1&#8243; column_link_target=&#8221;_self&#8221; column_shadow=&#8221;none&#8221; column_border_radius=&#8221;none&#8221; width=&#8221;1\/2&#8243; tablet_width_inherit=&#8221;default&#8221; tablet_text_alignment=&#8221;default&#8221; phone_text_alignment=&#8221;default&#8221; overlay_strength=&#8221;0.3&#8243; column_border_width=&#8221;none&#8221; column_border_style=&#8221;solid&#8221; bg_image_animation=&#8221;none&#8221;][vc_column_text css=&#8221;.vc_custom_1601394204607{padding-right: 10% !important;}&#8221;]<strong>In a world where English is the most important language for business&#8230;<\/strong><\/p>\n<p><strong>The Academy is committed to providing the highest level of Business English classes<\/strong><\/p>\n<p>Whether you are a beginner or already fluent in English, we have professional English courses that can be tailored to your needs.<\/p>\n<p>General English and Business English are very different, not only in the uses of the language, but also in the vocabulary, structures, grammar and formalities. For this reason our professional courses focus on very specific business skills, providing students with effective and fast learning.<\/p>\n<p>In the business courses the language is developed and improved focusing on the areas that are usually found in the business world such as sales techniques, negotiation, email writing, telephone conversations, meetings, conferences, informal meals etc.<\/p>\n<p>The business modules are essential for professionals working internationally.<\/p>\n<p>Our professional staff is specialized in business courses including the following:<\/p>\n<p><strong>&#8211; Business English (General)<\/strong><br \/>\n<strong>&#8211; English for international meetings<\/strong><br \/>\n<strong>&#8211; English for presentations<\/strong><br \/>\n<strong>&#8211; Negotiation in English<\/strong><br \/>\n<strong>&#8211; English for Lawyers\/environment<\/strong><br \/>\n<strong>&#8211; English for the banking sector<\/strong><br \/>\n<strong>&#8211; Courses for national degrees<\/strong><\/p>\n<p>However, if you are looking for a business English course that is not listed above, do not hesitate to contact us, as we can design specific courses according to the needs of each student, whatever field you want to work in.<\/p>\n<div class=\"text_container\">\n<p><strong>Ex\u00e1menes de Negocios:<\/strong><\/p>\n<p>Entre nuestros cursos de Business English, destacan los cursos preparatorios para ex\u00e1menes oficiales de negocios. Estos suelen ser t\u00edtulos reconocidos a nivel internacional y constituyen una clara prueba de que cada alumno cuenta con las destrezas ling\u00fc\u00edsticas necesarias para alcanzar el \u00e9xito en el mundo empresarial en ingl\u00e9s.<\/p>\n<p>Los ex\u00e1menes oficiales m\u00e1s destacados son los Cambridge English Business Certificates, los cuales han sido desarrollados de acuerdo al Marco Com\u00fan Europeo de Referencia para las Lenguas, sistema internacionalmente reconocido para la descripci\u00f3n de la competencia ling\u00fc\u00edstica.<\/p>\n<p>Existen tres Cambridge English Business Certificates:<\/p>\n<p><strong>-Cambridge English: Business Higher \u2013 Level C1 (BEC Higher)<\/strong><\/p>\n<p><strong>-Cambridge English: Business Vantage \u2013 Level B2 (BEC Vantage)<\/strong><\/p>\n<p><strong>&#8211;<\/strong><strong>Cambridge English: Business Preliminary \u2013 Level B1 (BEC Preliminary)<\/strong><\/p>\n<p>Estos tres certificados son pruebas claras y fiables de tus competencias ling\u00fc\u00edsticas, eval\u00faan situaciones reales que pueden darse en el \u00e1mbito empresarial y demuestran que el estudiante est\u00e1 capacitado para utilizar el ingl\u00e9s en los negocios, para comunicarse de manera efectiva y permitir\u00e1 abrirle las puertas a mejores perspectivas profesionales.<\/p>\n<p>Tambi\u00e9n existen otros ex\u00e1menes m\u00e1s espec\u00edficos como son:<\/p>\n<ul>\n<li><strong>ILEC (International Legal English Certificate)<\/strong><\/li>\n<li><strong>ICFE (International Certificate in Financial English)<\/strong><\/li>\n<\/ul>\n<p>Contacta con nosotros para obtener m\u00e1s informaci\u00f3n.<\/p>\n<\/div>\n[\/vc_column_text][\/vc_column][vc_column column_padding=&#8221;no-extra-padding&#8221; column_padding_position=&#8221;all&#8221; background_color_opacity=&#8221;1&#8243; background_hover_color_opacity=&#8221;1&#8243; column_link_target=&#8221;_self&#8221; column_shadow=&#8221;none&#8221; column_border_radius=&#8221;none&#8221; width=&#8221;1\/2&#8243; tablet_width_inherit=&#8221;default&#8221; tablet_text_alignment=&#8221;default&#8221; phone_text_alignment=&#8221;default&#8221; overlay_strength=&#8221;0.3&#8243; column_border_width=&#8221;none&#8221; column_border_style=&#8221;solid&#8221; bg_image_animation=&#8221;none&#8221;][image_with_animation image_url=&#8221;832&#8243; alignment=&#8221;&#8221; animation=&#8221;Fade In&#8221; hover_animation=&#8221;none&#8221; border_radius=&#8221;none&#8221; box_shadow=&#8221;none&#8221; image_loading=&#8221;default&#8221; max_width=&#8221;100%&#8221; max_width_mobile=&#8221;default&#8221;][\/vc_column][\/vc_row][vc_row type=&#8221;full_width_content&#8221; full_screen_row_position=&#8221;middle&#8221; column_margin=&#8221;default&#8221; bg_color=&#8221;#13255b&#8221; scene_position=&#8221;center&#8221; text_color=&#8221;light&#8221; text_align=&#8221;left&#8221; top_padding=&#8221;4%&#8221; overlay_strength=&#8221;0.3&#8243; shape_divider_position=&#8221;bottom&#8221; bg_image_animation=&#8221;none&#8221; shape_type=&#8221;&#8221;][vc_column column_padding=&#8221;no-extra-padding&#8221; column_padding_position=&#8221;all&#8221; background_color_opacity=&#8221;1&#8243; background_hover_color_opacity=&#8221;1&#8243; column_link_target=&#8221;_self&#8221; column_shadow=&#8221;none&#8221; column_border_radius=&#8221;none&#8221; width=&#8221;1\/1&#8243; tablet_width_inherit=&#8221;default&#8221; tablet_text_alignment=&#8221;default&#8221; phone_text_alignment=&#8221;default&#8221; overlay_strength=&#8221;0.3&#8243; column_border_width=&#8221;none&#8221; column_border_style=&#8221;solid&#8221; bg_image_animation=&#8221;none&#8221;][vc_custom_heading text=&#8221;CONTACTO&#8221; font_container=&#8221;tag:h3|font_size:40|text_align:center|line_height:1&#8243; use_theme_fonts=&#8221;yes&#8221;][vc_column_text]\n<h3 style=\"text-align: center;\">La Rambla, 8 &#8211; 1\u00baa<br \/>\n07003 Palma de Mallorca<\/h3>\n<h3 style=\"text-align: center;\"><strong><a style=\"color: white;\" href=\"tel:0034971725671\">+34 971 72 56 71<\/a><\/strong><\/h3>\n<h3 style=\"text-align: center;\"><strong><a style=\"color: white;\" href=\"mailto:info@theacademypalma.es\">info@theacademypalma.es<\/a><\/strong><\/h3>\n[\/vc_column_text][divider line_type=&#8221;No Line&#8221; custom_height=&#8221;60&#8243;][vc_row_inner column_margin=&#8221;default&#8221; text_align=&#8221;left&#8221;][vc_column_inner column_padding=&#8221;no-extra-padding&#8221; column_padding_position=&#8221;all&#8221; background_color_opacity=&#8221;1&#8243; background_hover_color_opacity=&#8221;1&#8243; column_shadow=&#8221;none&#8221; column_border_radius=&#8221;none&#8221; column_link_target=&#8221;_blank&#8221; width=&#8221;1\/1&#8243; tablet_width_inherit=&#8221;default&#8221; overlay_strength=&#8221;0.3&#8243; column_border_width=&#8221;none&#8221; column_border_style=&#8221;solid&#8221; bg_image_animation=&#8221;none&#8221; column_link=&#8221;https:\/\/www.google.com\/search?rlz=1C1CAFA_enES739ES739&amp;sxsrf=ALeKk03VfFSIBawmcTg0FidVOVITGDwz6g:1583333518562&amp;ei=icBfXvvpLJKXlwSY1JHoCA&amp;q=the%20academy&amp;oq=the+academy&amp;gs_l=psy-ab.3..35i39l2j0l8.2448.3753..3915&#8230;0.1..1.425.1755.6j2j1j1j1&#8230;&#8230;0&#8230;.1..gws-wiz&#8230;&#8230;.0i71j35i39i19j0i131i67j0i131j0i67.Fg5MLTIPlS8&amp;ved=2ahUKEwj68Lz_iIHoAhVHyYUKHVNWDY8QvS4wAHoECAoQIA&amp;uact=5&amp;npsic=0&amp;rflfq=1&amp;rlha=0&amp;rllag=39589808,2688371,3748&amp;tbm=lcl&amp;rldimm=13821088830539388857&amp;lqi=Cgt0aGUgYWNhZGVteVoaCgt0aGUgYWNhZGVteSILdGhlIGFjYWRlbXk&amp;rldoc=1&amp;tbs=lrf:!1m4!1u3!2m2!3m1!1e1!1m4!1u2!2m2!2m1!1e1!2m1!1e2!2m1!1e3!3sIAE,lf:1,lf_ui:2&amp;rlst=f#rlfi=hd:;si:13821088830539388857,l,Cgt0aGUgYWNhZGVteVoaCgt0aGUgYWNhZGVteSILdGhlIGFjYWRlbXk;mv:`{&#8220;{`39.6088843,2.730724`}`,`{`39.570732199999995,2.6455214`}&#8220;}`;tbs:lrf:!1m4!1u3!2m2!3m1!1e1!1m4!1u2!2m2!2m1!1e1!2m1!1e2!2m1!1e3!3sIAE,lf:1,lf_ui:2&#8243;][nectar_gmap map_type=&#8221;leaflet&#8221; zoom=&#8221;17&#8243; marker_style=&#8221;nectar&#8221; color=&#8221;accent-color&#8221; leaflet_map_greyscale=&#8221;1&#8243; infowindow_start_open=&#8221;1&#8243; size=&#8221;450&#8243; map_center_lat=&#8221;39.572756&#8243; map_center_lng=&#8221;2.650599&#8243; map_markers=&#8221;39.572756|2.650599&#8243;][\/vc_column_inner][\/vc_row_inner][\/vc_column][\/vc_row][vc_row type=&#8221;full_width_background&#8221; full_screen_row_position=&#8221;middle&#8221; column_margin=&#8221;default&#8221; scene_position=&#8221;center&#8221; text_color=&#8221;dark&#8221; text_align=&#8221;left&#8221; top_padding=&#8221;4%&#8221; bottom_padding=&#8221;4%&#8221; overlay_strength=&#8221;0.3&#8243; shape_divider_position=&#8221;bottom&#8221; bg_image_animation=&#8221;none&#8221; shape_type=&#8221;&#8221;][vc_column column_padding=&#8221;no-extra-padding&#8221; column_padding_position=&#8221;all&#8221; background_color_opacity=&#8221;1&#8243; background_hover_color_opacity=&#8221;1&#8243; column_link_target=&#8221;_self&#8221; column_shadow=&#8221;none&#8221; column_border_radius=&#8221;none&#8221; width=&#8221;1\/1&#8243; tablet_width_inherit=&#8221;default&#8221; tablet_text_alignment=&#8221;default&#8221; phone_text_alignment=&#8221;default&#8221; overlay_strength=&#8221;0.3&#8243; column_border_width=&#8221;none&#8221; column_border_style=&#8221;solid&#8221; bg_image_animation=&#8221;none&#8221;][clients columns=&#8221;6&#8243; hover_effect=&#8221;greyscale_to_color&#8221; additional_padding=&#8221;4&#8243; carousel=&#8221;true&#8221;][client image=&#8221;240&#8243; title=&#8221;Client&#8221; id=&#8221;1601394174740-0&#8243; url=&#8221;http:\/\/www.ielts.org\/&#8221; tab_id=&#8221;1601394174740-3&#8243;] \u00a0[\/client][client image=&#8221;239&#8243; title=&#8221;Client&#8221; id=&#8221;1601394174783-9&#8243; url=&#8221;http:\/\/www.cambridgeenglish.org\/es&#8221; tab_id=&#8221;1601394174784-3&#8243;] \u00a0[\/client][client image=&#8221;241&#8243; title=&#8221;Client&#8221; id=&#8221;1601394174808-6&#8243; url=&#8221;https:\/\/www.ets.org\/es\/toefl&#8221; tab_id=&#8221;1601394174808-3&#8243;] \u00a0[\/client][client image=&#8221;236&#8243; title=&#8221;Client&#8221; id=&#8221;1601394174832-4&#8243; url=&#8221;http:\/\/www.britishcouncil.org\/spain\/exams\/aptis&#8221; tab_id=&#8221;1601394174832-10&#8243;] \u00a0[\/client][\/clients][\/vc_column][\/vc_row]\n","protected":false},"excerpt":{"rendered":"<p>[vc_row type=&#8221;in_container&#8221; full_screen_row_position=&#8221;middle&#8221; column_margin=&#8221;default&#8221; scene_position=&#8221;center&#8221; text_color=&#8221;dark&#8221; text_align=&#8221;left&#8221; top_padding=&#8221;3%&#8221; overlay_strength=&#8221;0.3&#8243; shape_divider_position=&#8221;bottom&#8221; bg_image_animation=&#8221;none&#8221; shape_type=&#8221;&#8221;][vc_column column_padding=&#8221;padding-3-percent&#8221; column_padding_position=&#8221;all&#8221; background_color_opacity=&#8221;1&#8243; background_hover_color_opacity=&#8221;1&#8243; column_link_target=&#8221;_self&#8221; column_shadow=&#8221;none&#8221; column_border_radius=&#8221;none&#8221; width=&#8221;1\/2&#8243; tablet_width_inherit=&#8221;default&#8221; tablet_text_alignment=&#8221;default&#8221; phone_text_alignment=&#8221;default&#8221; overlay_strength=&#8221;0.3&#8243; column_border_width=&#8221;none&#8221; column_border_style=&#8221;solid&#8221; bg_image_animation=&#8221;none&#8221;][vc_column_text css=&#8221;.vc_custom_1601394204607{padding-right: 10% !important;}&#8221;]In&#8230;<\/p>\n","protected":false},"author":1,"featured_media":0,"parent":0,"menu_order":0,"comment_status":"closed","ping_status":"closed","template":"","meta":{"footnotes":""},"class_list":["post-1133","page","type-page","status-publish"],"aioseo_notices":[],"_links":{"self":[{"href":"https:\/\/www.academiainglespalma.es\/en\/wp-json\/wp\/v2\/pages\/1133","targetHints":{"allow":["GET"]}}],"collection":[{"href":"https:\/\/www.academiainglespalma.es\/en\/wp-json\/wp\/v2\/pages"}],"about":[{"href":"https:\/\/www.academiainglespalma.es\/en\/wp-json\/wp\/v2\/types\/page"}],"author":[{"embeddable":true,"href":"https:\/\/www.academiainglespalma.es\/en\/wp-json\/wp\/v2\/users\/1"}],"replies":[{"embeddable":true,"href":"https:\/\/www.academiainglespalma.es\/en\/wp-json\/wp\/v2\/comments?post=1133"}],"version-history":[{"count":3,"href":"https:\/\/www.academiainglespalma.es\/en\/wp-json\/wp\/v2\/pages\/1133\/revisions"}],"predecessor-version":[{"id":1262,"href":"https:\/\/www.academiainglespalma.es\/en\/wp-json\/wp\/v2\/pages\/1133\/revisions\/1262"}],"wp:attachment":[{"href":"https:\/\/www.academiainglespalma.es\/en\/wp-json\/wp\/v2\/media?parent=1133"}],"curies":[{"name":"wp","href":"https:\/\/api.w.org\/{rel}","templated":true}]}}